{"id":85,"date":"2012-12-21T16:50:21","date_gmt":"2012-12-21T21:50:21","guid":{"rendered":"http:\/\/fdistrict.wpengine.com\/annonces\/?page_id=85"},"modified":"2018-01-11T17:54:27","modified_gmt":"2018-01-11T22:54:27","slug":"contact","status":"publish","type":"page","link":"https:\/\/frenchdistrict.com\/annonces\/contact\/","title":{"rendered":"Contact"},"content":{"rendered":"<p>&nbsp;<\/p>\n<p><strong>District Media llc \u2013 Soci\u00e9t\u00e9 \u00e9ditrice du French District<\/strong><\/p>\n<p>Adresse : 407 Lincoln Road Suite 701 &#8211; Miami Beach, FL 33139<br \/>\nT\u00e9l\u00e9phone :305 397 8219<br \/>\nEmail : contact@frenchdistrict.com<\/p>\n","protected":false},"excerpt":{"rendered":"<p>&nbsp; District Media llc \u2013 Soci\u00e9t\u00e9 \u00e9ditrice du French District Adresse : 407 Lincoln Road Suite 701 &#8211; Miami Beach, FL 33139 T\u00e9l\u00e9phone :305 397 8219 Email : contact@frenchdistrict.com<\/p>\n","protected":false},"author":11,"featured_media":0,"parent":0,"menu_order":0,"comment_status":"closed","ping_status":"open","template":"","meta":{"_acf_changed":false,"footnotes":""},"class_list":["post-85","page","type-page","status-publish","hentry"],"acf":[],"yoast_head":"<!-- This site is optimized with the Yoast SEO plugin v26.4 - https:\/\/yoast.com\/wordpress\/plugins\/seo\/ -->\n<title>Contact - Petites Annonces French District<\/title>\n<meta name=\"robots\" content=\"index, follow, max-snippet:-1, max-image-preview:large, max-video-preview:-1\" \/>\n<link rel=\"canonical\" href=\"https:\/\/frenchdistrict.com\/annonces\/contact\/\" \/>\n<!-- \/ Yoast SEO plugin. -->","yoast_head_json":{"title":"Contact - Petites Annonces French District","robots":{"index":"index","follow":"follow","max-snippet":"max-snippet:-1","max-image-preview":"max-image-preview:large","max-video-preview":"max-video-preview:-1"},"canonical":"https:\/\/frenchdistrict.com\/annonces\/contact\/","schema":{"@context":"https:\/\/schema.org","@graph":[{"@type":"WebPage","@id":"https:\/\/frenchdistrict.com\/annonces\/contact\/","url":"https:\/\/frenchdistrict.com\/annonces\/contact\/","name":"Contact - Petites Annonces French District","isPartOf":{"@id":"https:\/\/frenchdistrict.com\/annonces\/#website"},"datePublished":"2012-12-21T21:50:21+00:00","dateModified":"2018-01-11T22:54:27+00:00","breadcrumb":{"@id":"https:\/\/frenchdistrict.com\/annonces\/contact\/#breadcrumb"},"inLanguage":"fr-FR","potentialAction":[{"@type":"ReadAction","target":["https:\/\/frenchdistrict.com\/annonces\/contact\/"]}]},{"@type":"BreadcrumbList","@id":"https:\/\/frenchdistrict.com\/annonces\/contact\/#breadcrumb","itemListElement":[{"@type":"ListItem","position":1,"name":"Home","item":"https:\/\/frenchdistrict.com\/annonces\/"},{"@type":"ListItem","position":2,"name":"Contact"}]},{"@type":"WebSite","@id":"https:\/\/frenchdistrict.com\/annonces\/#website","url":"https:\/\/frenchdistrict.com\/annonces\/","name":"Petites Annonces French District","description":"Les petites-annonces en fran\u00e7ais aux Etats-Unis","publisher":{"@id":"https:\/\/frenchdistrict.com\/annonces\/#organization"},"potentialAction":[{"@type":"SearchAction","target":{"@type":"EntryPoint","urlTemplate":"https:\/\/frenchdistrict.com\/annonces\/?s={search_term_string}"},"query-input":{"@type":"PropertyValueSpecification","valueRequired":true,"valueName":"search_term_string"}}],"inLanguage":"fr-FR"},{"@type":"Organization","@id":"https:\/\/frenchdistrict.com\/annonces\/#organization","name":"Petites Annonces French District","url":"https:\/\/frenchdistrict.com\/annonces\/","logo":{"@type":"ImageObject","inLanguage":"fr-FR","@id":"https:\/\/frenchdistrict.com\/annonces\/#\/schema\/logo\/image\/","url":"https:\/\/frenchdistrict.com\/annonces\/wp-content\/uploads\/sites\/17\/2018\/01\/french-district.svg","contentUrl":"https:\/\/frenchdistrict.com\/annonces\/wp-content\/uploads\/sites\/17\/2018\/01\/french-district.svg","caption":"Petites Annonces French District"},"image":{"@id":"https:\/\/frenchdistrict.com\/annonces\/#\/schema\/logo\/image\/"}}]}},"_links":{"self":[{"href":"https:\/\/frenchdistrict.com\/annonces\/wp-json\/wp\/v2\/pages\/85","targetHints":{"allow":["GET"]}}],"collection":[{"href":"https:\/\/frenchdistrict.com\/annonces\/wp-json\/wp\/v2\/pages"}],"about":[{"href":"https:\/\/frenchdistrict.com\/annonces\/wp-json\/wp\/v2\/types\/page"}],"author":[{"embeddable":true,"href":"https:\/\/frenchdistrict.com\/annonces\/wp-json\/wp\/v2\/users\/11"}],"replies":[{"embeddable":true,"href":"https:\/\/frenchdistrict.com\/annonces\/wp-json\/wp\/v2\/comments?post=85"}],"version-history":[{"count":1,"href":"https:\/\/frenchdistrict.com\/annonces\/wp-json\/wp\/v2\/pages\/85\/revisions"}],"predecessor-version":[{"id":18522,"href":"https:\/\/frenchdistrict.com\/annonces\/wp-json\/wp\/v2\/pages\/85\/revisions\/18522"}],"wp:attachment":[{"href":"https:\/\/frenchdistrict.com\/annonces\/wp-json\/wp\/v2\/media?parent=85"}],"curies":[{"name":"wp","href":"https:\/\/api.w.org\/{rel}","templated":true}]}}