{"id":90,"date":"2012-12-21T18:51:08","date_gmt":"2012-12-21T23:51:08","guid":{"rendered":"http:\/\/fdistrict.wpengine.com\/annonces\/?page_id=90"},"modified":"2018-06-22T14:04:17","modified_gmt":"2018-06-22T19:04:17","slug":"qui-sommes-nous","status":"publish","type":"page","link":"https:\/\/frenchdistrict.com\/annonces\/qui-sommes-nous\/","title":{"rendered":"Qui sommes nous?"},"content":{"rendered":"<p>Le French District est aujourd\u2019hui le premier site pour les Fran\u00e7ais et les francophones aux Etats-Unis.<\/p>\n<p>14 \u00e9ditions : <a href=\"https:\/\/frenchdistrict.com\/new-york\/\">New York<\/a> (FR et US), <a href=\"https:\/\/frenchdistrict.com\/floride\">Floride <\/a>(FR et US), <a href=\"https:\/\/frenchdistrict.com\/atlanta-georgie\/\">Atlanta-G\u00e9orgie<\/a>, <a href=\"https:\/\/frenchdistrict.com\/californie-sud\/\">Californie du sud<\/a>\u00a0(FR et US), <a href=\"https:\/\/frenchdistrict.com\/californie-nord\/\">Californie du Nord<\/a>, <a href=\"https:\/\/frenchdistrict.com\/boston\/\" target=\"_blank\">Boston<\/a>, <a href=\"https:\/\/frenchdistrict.com\/chicago\/\" target=\"_blank\">Chicago<\/a>, \u00a0<a href=\"https:\/\/frenchdistrict.com\/washington-dc\/\" target=\"_blank\">Washington DC<\/a>, <a href=\"https:\/\/frenchdistrict.com\/texas\/\" target=\"_blank\">Texas,<\/a>\u00a0<a href=\"https:\/\/frenchdistrict.com\/las-vegas\/\" target=\"_blank\">Las Vegas<\/a>, <a href=\"https:\/\/frenchdistrict.com\/quebec-district-floride\/\" target=\"_blank\">Qu\u00e9bec<\/a><\/p>\n<p>Le French District a \u00e9t\u00e9 fond\u00e9 en 2008 par Laure, Romain et Ben, trois Fran\u00e7ais qui r\u00e9sident aux Etats-Unis. Aujourd\u2019hui le French District est une \u00e9quipe de plus de 20 personnes (r\u00e9dacteurs, commerciaux, technique), un centre op\u00e9rationnel en Floride \u00e0 Miami Beach, un si\u00e8ge commercial \u00e0 Los Angeles, 5 bureaux aux Etats-Unis.<\/p>\n<p>Le French District s\u2019adresse \u00e0 tous les Fran\u00e7ais et \u00e0 tous les francophones, qui vivent aux Etats-Unis, qui y passent, ou qui y s\u2019int\u00e9ressent.<\/p>\n<h2><\/h2>\n","protected":false},"excerpt":{"rendered":"<p>Le French District est aujourd\u2019hui le premier site pour les Fran\u00e7ais et les francophones aux Etats-Unis. 14 \u00e9ditions : New York (FR et US), Floride (FR et US), Atlanta-G\u00e9orgie, Californie du sud\u00a0(FR et US), Californie du Nord, Boston, Chicago, \u00a0Washington DC, Texas,\u00a0Las Vegas, Qu\u00e9bec Le French District a \u00e9t\u00e9 fond\u00e9 en 2008 par Laure, Romain [&hellip;]<\/p>\n","protected":false},"author":11,"featured_media":0,"parent":0,"menu_order":0,"comment_status":"closed","ping_status":"open","template":"","meta":{"_acf_changed":false,"footnotes":""},"class_list":["post-90","page","type-page","status-publish","hentry"],"acf":[],"yoast_head":"<!-- This site is optimized with the Yoast SEO plugin v26.4 - https:\/\/yoast.com\/wordpress\/plugins\/seo\/ -->\n<title>Qui sommes nous? - Petites Annonces French District<\/title>\n<meta name=\"robots\" content=\"index, follow, max-snippet:-1, max-image-preview:large, max-video-preview:-1\" \/>\n<link rel=\"canonical\" href=\"https:\/\/frenchdistrict.com\/annonces\/qui-sommes-nous\/\" \/>\n<meta name=\"twitter:label1\" content=\"Dur\u00e9e de lecture estim\u00e9e\" \/>\n\t<meta name=\"twitter:data1\" content=\"1 minute\" \/>\n<!-- \/ Yoast SEO plugin. -->","yoast_head_json":{"title":"Qui sommes nous? - Petites Annonces French District","robots":{"index":"index","follow":"follow","max-snippet":"max-snippet:-1","max-image-preview":"max-image-preview:large","max-video-preview":"max-video-preview:-1"},"canonical":"https:\/\/frenchdistrict.com\/annonces\/qui-sommes-nous\/","twitter_misc":{"Dur\u00e9e de lecture estim\u00e9e":"1 minute"},"schema":{"@context":"https:\/\/schema.org","@graph":[{"@type":"WebPage","@id":"https:\/\/frenchdistrict.com\/annonces\/qui-sommes-nous\/","url":"https:\/\/frenchdistrict.com\/annonces\/qui-sommes-nous\/","name":"Qui sommes nous? - Petites Annonces French District","isPartOf":{"@id":"https:\/\/frenchdistrict.com\/annonces\/#website"},"datePublished":"2012-12-21T23:51:08+00:00","dateModified":"2018-06-22T19:04:17+00:00","breadcrumb":{"@id":"https:\/\/frenchdistrict.com\/annonces\/qui-sommes-nous\/#breadcrumb"},"inLanguage":"fr-FR","potentialAction":[{"@type":"ReadAction","target":["https:\/\/frenchdistrict.com\/annonces\/qui-sommes-nous\/"]}]},{"@type":"BreadcrumbList","@id":"https:\/\/frenchdistrict.com\/annonces\/qui-sommes-nous\/#breadcrumb","itemListElement":[{"@type":"ListItem","position":1,"name":"Home","item":"https:\/\/frenchdistrict.com\/annonces\/"},{"@type":"ListItem","position":2,"name":"Qui sommes nous?"}]},{"@type":"WebSite","@id":"https:\/\/frenchdistrict.com\/annonces\/#website","url":"https:\/\/frenchdistrict.com\/annonces\/","name":"Petites Annonces French District","description":"Les petites-annonces en fran\u00e7ais aux Etats-Unis","publisher":{"@id":"https:\/\/frenchdistrict.com\/annonces\/#organization"},"potentialAction":[{"@type":"SearchAction","target":{"@type":"EntryPoint","urlTemplate":"https:\/\/frenchdistrict.com\/annonces\/?s={search_term_string}"},"query-input":{"@type":"PropertyValueSpecification","valueRequired":true,"valueName":"search_term_string"}}],"inLanguage":"fr-FR"},{"@type":"Organization","@id":"https:\/\/frenchdistrict.com\/annonces\/#organization","name":"Petites Annonces French District","url":"https:\/\/frenchdistrict.com\/annonces\/","logo":{"@type":"ImageObject","inLanguage":"fr-FR","@id":"https:\/\/frenchdistrict.com\/annonces\/#\/schema\/logo\/image\/","url":"https:\/\/frenchdistrict.com\/annonces\/wp-content\/uploads\/sites\/17\/2018\/01\/french-district.svg","contentUrl":"https:\/\/frenchdistrict.com\/annonces\/wp-content\/uploads\/sites\/17\/2018\/01\/french-district.svg","caption":"Petites Annonces French District"},"image":{"@id":"https:\/\/frenchdistrict.com\/annonces\/#\/schema\/logo\/image\/"}}]}},"_links":{"self":[{"href":"https:\/\/frenchdistrict.com\/annonces\/wp-json\/wp\/v2\/pages\/90","targetHints":{"allow":["GET"]}}],"collection":[{"href":"https:\/\/frenchdistrict.com\/annonces\/wp-json\/wp\/v2\/pages"}],"about":[{"href":"https:\/\/frenchdistrict.com\/annonces\/wp-json\/wp\/v2\/types\/page"}],"author":[{"embeddable":true,"href":"https:\/\/frenchdistrict.com\/annonces\/wp-json\/wp\/v2\/users\/11"}],"replies":[{"embeddable":true,"href":"https:\/\/frenchdistrict.com\/annonces\/wp-json\/wp\/v2\/comments?post=90"}],"version-history":[{"count":1,"href":"https:\/\/frenchdistrict.com\/annonces\/wp-json\/wp\/v2\/pages\/90\/revisions"}],"predecessor-version":[{"id":20032,"href":"https:\/\/frenchdistrict.com\/annonces\/wp-json\/wp\/v2\/pages\/90\/revisions\/20032"}],"wp:attachment":[{"href":"https:\/\/frenchdistrict.com\/annonces\/wp-json\/wp\/v2\/media?parent=90"}],"curies":[{"name":"wp","href":"https:\/\/api.w.org\/{rel}","templated":true}]}}