{"id":2508,"date":"2017-12-31T00:38:48","date_gmt":"2017-12-30T14:38:48","guid":{"rendered":"https:\/\/frenchdistrict.com\/australie\/contactez-french-district\/"},"modified":"2021-08-17T18:51:29","modified_gmt":"2021-08-17T08:51:29","slug":"contactez-french-district","status":"publish","type":"page","link":"https:\/\/frenchdistrict.com\/australie\/contactez-french-district\/","title":{"rendered":"Contactez le French District"},"content":{"rendered":"<h2>Nos coordonn\u00e9es<\/h2>\n<a class=\"vce-button button-right\" href=\"#contactfd\">Contactez French District<\/a>\n<i class=\"fa fa-phone\" aria-hidden=\"true\"><\/i>  T\u00e9l\u00e9phone &amp; Whatsapp : <a href=\"tel:13054570208\">+1 (305) 457-0208<\/a><\/p>\n<h2>Contactez un pro aux USA<\/h2>\n<p>Vous avez besoin d\u2019un <strong>professionnel fran\u00e7ais aux Etats-Unis ? Un comptable, wedding planner, un avocat, une assurance sant\u00e9, un restaurant, un plombier, un agent immobilier, un CPA&#8230; <\/strong>Notre r\u00e9seau est compos\u00e9 de centaines de professionnels qui partagent l\u2019esprit French District.<\/p>\n<p><strong><a href=\"https:\/\/frenchdistrict.com\/articles\/vous-recherchez-un-professionnel-francais-aux-etats-unis\/\" target=\"_blank\" rel=\"noopener\">Contactez un professionnel fran\u00e7ais aux \u00c9tats-Unis.<\/a><\/strong><\/p>\n<h2>Envoyez-nous un email<\/h2>\n<p>Vous souhaitez appara\u00eetre dans notre annuaire pro ? Des questions sur nos professionnels aux USA ou sur nos articles ? Un probl\u00e8me sur le site ? Nous vous r\u00e9pondrons rapidement.<\/p>\n<a name=\"contactfd\" style=\"display: block;position: relative;top: -150px;visibility: hidden;\"><\/a><script type=\"text\/javascript\">\n\/* <![CDATA[ *\/\nvar gform;gform||(document.addEventListener(\"gform_main_scripts_loaded\",function(){gform.scriptsLoaded=!0}),document.addEventListener(\"gform\/theme\/scripts_loaded\",function(){gform.themeScriptsLoaded=!0}),window.addEventListener(\"DOMContentLoaded\",function(){gform.domLoaded=!0}),gform={domLoaded:!1,scriptsLoaded:!1,themeScriptsLoaded:!1,isFormEditor:()=>\"function\"==typeof InitializeEditor,callIfLoaded:function(o){return!(!gform.domLoaded||!gform.scriptsLoaded||!gform.themeScriptsLoaded&&!gform.isFormEditor()||(gform.isFormEditor()&&console.warn(\"The use of gform.initializeOnLoaded() is deprecated in the form editor context and will be removed in Gravity Forms 3.1.\"),o(),0))},initializeOnLoaded:function(o){gform.callIfLoaded(o)||(document.addEventListener(\"gform_main_scripts_loaded\",()=>{gform.scriptsLoaded=!0,gform.callIfLoaded(o)}),document.addEventListener(\"gform\/theme\/scripts_loaded\",()=>{gform.themeScriptsLoaded=!0,gform.callIfLoaded(o)}),window.addEventListener(\"DOMContentLoaded\",()=>{gform.domLoaded=!0,gform.callIfLoaded(o)}))},hooks:{action:{},filter:{}},addAction:function(o,r,e,t){gform.addHook(\"action\",o,r,e,t)},addFilter:function(o,r,e,t){gform.addHook(\"filter\",o,r,e,t)},doAction:function(o){gform.doHook(\"action\",o,arguments)},applyFilters:function(o){return gform.doHook(\"filter\",o,arguments)},removeAction:function(o,r){gform.removeHook(\"action\",o,r)},removeFilter:function(o,r,e){gform.removeHook(\"filter\",o,r,e)},addHook:function(o,r,e,t,n){null==gform.hooks[o][r]&&(gform.hooks[o][r]=[]);var d=gform.hooks[o][r];null==n&&(n=r+\"_\"+d.length),gform.hooks[o][r].push({tag:n,callable:e,priority:t=null==t?10:t})},doHook:function(r,o,e){var t;if(e=Array.prototype.slice.call(e,1),null!=gform.hooks[r][o]&&((o=gform.hooks[r][o]).sort(function(o,r){return o.priority-r.priority}),o.forEach(function(o){\"function\"!=typeof(t=o.callable)&&(t=window[t]),\"action\"==r?t.apply(null,e):e[0]=t.apply(null,e)})),\"filter\"==r)return e[0]},removeHook:function(o,r,t,n){var e;null!=gform.hooks[o][r]&&(e=(e=gform.hooks[o][r]).filter(function(o,r,e){return!!(null!=n&&n!=o.tag||null!=t&&t!=o.priority)}),gform.hooks[o][r]=e)}});\n\/* ]]> *\/\n<\/script>\n\n                <div class='gf_browser_gecko gform_wrapper gform_legacy_markup_wrapper gform-theme--no-framework' data-form-theme='legacy' data-form-index='0' id='gform_wrapper_5' ><div id='gf_5' class='gform_anchor' tabindex='-1'><\/div><form method='post' enctype='multipart\/form-data' target='gform_ajax_frame_5' id='gform_5'  action='\/australie\/wp-json\/wp\/v2\/pages\/2508#gf_5' data-formid='5' novalidate>\n                        <div class='gform-body gform_body'><ul id='gform_fields_5' class='gform_fields top_label form_sublabel_below description_below validation_below'><li id=\"field_5_7\" class=\"gfield gfield--type-honeypot gform_validation_container field_sublabel_below gfield--has-description field_description_below field_validation_below gfield_visibility_visible\"  ><label class='gfield_label gform-field-label' for='input_5_7'>X\/Twitter<\/label><div class='ginput_container'><input name='input_7' id='input_5_7' type='text' value='' autocomplete='new-password'\/><\/div><div class='gfield_description' id='gfield_description_5_7'>Ce champ n\u2019est utilis\u00e9 qu\u2019\u00e0 des fins de validation et devrait rester inchang\u00e9.<\/div><\/li><li id=\"field_5_1\" class=\"gfield gfield--type-text field_sublabel_below gfield--no-description field_description_below field_validation_below gfield_visibility_visible\"  ><label class='gfield_label gform-field-label' for='input_5_1'>Votre nom:<\/label><div class='ginput_container ginput_container_text'><input name='input_1' id='input_5_1' type='text' value='' class='large'      aria-invalid=\"false\"   \/><\/div><\/li><li id=\"field_5_2\" class=\"gfield gfield--type-email gfield_contains_required field_sublabel_below gfield--no-description field_description_below field_validation_below gfield_visibility_visible\"  ><label class='gfield_label gform-field-label' for='input_5_2'>Votre adresse Email:<span class=\"gfield_required\"><span class=\"gfield_required gfield_required_asterisk\">*<\/span><\/span><\/label><div class='ginput_container ginput_container_email'>\n                            <input name='input_2' id='input_5_2' type='email' value='' class='large'    aria-required=\"true\" aria-invalid=\"false\"  \/>\n                        <\/div><\/li><li id=\"field_5_3\" class=\"gfield gfield--type-text field_sublabel_below gfield--no-description field_description_below field_validation_below gfield_visibility_visible\"  ><label class='gfield_label gform-field-label' for='input_5_3'>Votre t\u00e9l\u00e9phone:<\/label><div class='ginput_container ginput_container_text'><input name='input_3' id='input_5_3' type='text' value='' class='large'      aria-invalid=\"false\"   \/><\/div><\/li><li id=\"field_5_4\" class=\"gfield gfield--type-textarea field_sublabel_below gfield--no-description field_description_below field_validation_below gfield_visibility_visible\"  ><label class='gfield_label gform-field-label' for='input_5_4'>Votre message:<\/label><div class='ginput_container ginput_container_textarea'><textarea name='input_4' id='input_5_4' class='textarea medium'   maxlength='800'   aria-invalid=\"false\"   rows='10' cols='50'><\/textarea><\/div><\/li><li id=\"field_5_5\" class=\"gfield gfield--type-checkbox gfield--type-choice field_sublabel_below gfield--no-description field_description_below field_validation_below gfield_visibility_visible\"  ><label class='gfield_label gform-field-label screen-reader-text gfield_label_before_complex' ><\/label><div class='ginput_container ginput_container_checkbox'><ul class='gfield_checkbox' id='input_5_5'><li class='gchoice gchoice_5_5_1'>\n\t\t\t\t\t\t\t\t<input class='gfield-choice-input' name='input_5.1' type='checkbox'  value='Je souhaite \u00eatre inscrit au journal French District' checked='checked' id='choice_5_5_1'   \/>\n\t\t\t\t\t\t\t\t<label for='choice_5_5_1' id='label_5_5_1' class='gform-field-label gform-field-label--type-inline'>Je souhaite \u00eatre inscrit au journal French District<\/label>\n\t\t\t\t\t\t\t<\/li><\/ul><\/div><\/li><li id=\"field_5_6\" class=\"gfield gfield--type-captcha gfield--width-full field_sublabel_below gfield--no-description field_description_below field_validation_below gfield_visibility_visible\"  ><label class='gfield_label gform-field-label screen-reader-text' for='input_5_6'><\/label><div id='input_5_6' class='ginput_container ginput_recaptcha' data-sitekey='6Ldt8T8pAAAAAGjed3W4for4vBHh05M38nSQGx0t'  data-theme='light' data-tabindex='0'  data-badge=''><\/div><\/li><\/ul><\/div>\n        <div class='gform-footer gform_footer top_label'> <input type='submit' id='gform_submit_button_5' class='gform_button button' onclick='gform.submission.handleButtonClick(this);' data-submission-type='submit' value='Envoyer'  \/> <input type='hidden' name='gform_ajax' value='form_id=5&amp;title=&amp;description=&amp;tabindex=0&amp;theme=legacy&amp;styles=[]&amp;hash=7944630d7cf46f6bac9915fce8c5979a' \/>\n            <input type='hidden' class='gform_hidden' name='gform_submission_method' data-js='gform_submission_method_5' value='iframe' \/>\n            <input type='hidden' class='gform_hidden' name='gform_theme' data-js='gform_theme_5' id='gform_theme_5' value='legacy' \/>\n            <input type='hidden' class='gform_hidden' name='gform_style_settings' data-js='gform_style_settings_5' id='gform_style_settings_5' value='[]' \/>\n            <input type='hidden' class='gform_hidden' name='is_submit_5' value='1' \/>\n            <input type='hidden' class='gform_hidden' name='gform_submit' value='5' \/>\n            \n            <input type='hidden' class='gform_hidden' name='gform_currency' data-currency='USD' value='7uPe8xo\/peWqeuwsOgRwqgu2uqATPm0vyumnxGoHOF8OlFkHE2ped3ua8QB6B3JVHmUKvCnRMFdedtMIUAecvoJgVVvE5VEyQ6iJBtwHiAldL0w=' \/>\n            <input type='hidden' class='gform_hidden' name='gform_unique_id' value='' \/>\n            <input type='hidden' class='gform_hidden' name='state_5' value='WyJbXSIsIjYxMWFmYjlmMzI4ZTI4YmYzMThjYTg1MDIyODQ0YTljIl0=' \/>\n            <input type='hidden' autocomplete='off' class='gform_hidden' name='gform_target_page_number_5' id='gform_target_page_number_5' value='0' \/>\n            <input type='hidden' autocomplete='off' class='gform_hidden' name='gform_source_page_number_5' id='gform_source_page_number_5' value='1' \/>\n            <input type='hidden' name='gform_field_values' value='' \/>\n            \n        <\/div>\n                        <\/form>\n                        <\/div>\n\t\t                <iframe style='display:none;width:0px;height:0px;' src='about:blank' name='gform_ajax_frame_5' id='gform_ajax_frame_5' title='Cette iframe contient la logique n\u00e9cessaire pour manipuler Gravity Forms avec Ajax.'><\/iframe>\n\t\t                <script type=\"text\/javascript\">\n\/* <![CDATA[ *\/\n gform.initializeOnLoaded( function() {gformInitSpinner( 5, 'https:\/\/frenchdistrict.com\/australie\/wp-content\/plugins\/gravityforms\/images\/spinner.svg', true );jQuery('#gform_ajax_frame_5').on('load',function(){var contents = jQuery(this).contents().find('*').html();var is_postback = contents.indexOf('GF_AJAX_POSTBACK') >= 0;if(!is_postback){return;}var form_content = jQuery(this).contents().find('#gform_wrapper_5');var is_confirmation = jQuery(this).contents().find('#gform_confirmation_wrapper_5').length > 0;var is_redirect = contents.indexOf('gformRedirect(){') >= 0;var is_form = form_content.length > 0 && ! is_redirect && ! is_confirmation;var mt = parseInt(jQuery('html').css('margin-top'), 10) + parseInt(jQuery('body').css('margin-top'), 10) + 100;if(is_form){jQuery('#gform_wrapper_5').html(form_content.html());if(form_content.hasClass('gform_validation_error')){jQuery('#gform_wrapper_5').addClass('gform_validation_error');} else {jQuery('#gform_wrapper_5').removeClass('gform_validation_error');}setTimeout( function() { \/* delay the scroll by 50 milliseconds to fix a bug in chrome *\/ jQuery(document).scrollTop(jQuery('#gform_wrapper_5').offset().top - mt); }, 50 );if(window['gformInitDatepicker']) {gformInitDatepicker();}if(window['gformInitPriceFields']) {gformInitPriceFields();}var current_page = jQuery('#gform_source_page_number_5').val();gformInitSpinner( 5, 'https:\/\/frenchdistrict.com\/australie\/wp-content\/plugins\/gravityforms\/images\/spinner.svg', true );jQuery(document).trigger('gform_page_loaded', [5, current_page]);window['gf_submitting_5'] = false;}else if(!is_redirect){var confirmation_content = jQuery(this).contents().find('.GF_AJAX_POSTBACK').html();if(!confirmation_content){confirmation_content = contents;}jQuery('#gform_wrapper_5').replaceWith(confirmation_content);jQuery(document).scrollTop(jQuery('#gf_5').offset().top - mt);jQuery(document).trigger('gform_confirmation_loaded', [5]);window['gf_submitting_5'] = false;wp.a11y.speak(jQuery('#gform_confirmation_message_5').text());}else{jQuery('#gform_5').append(contents);if(window['gformRedirect']) {gformRedirect();}}jQuery(document).trigger(\"gform_pre_post_render\", [{ formId: \"5\", currentPage: \"current_page\", abort: function() { this.preventDefault(); } }]);        if (event && event.defaultPrevented) {                return;        }        const gformWrapperDiv = document.getElementById( \"gform_wrapper_5\" );        if ( gformWrapperDiv ) {            const visibilitySpan = document.createElement( \"span\" );            visibilitySpan.id = \"gform_visibility_test_5\";            gformWrapperDiv.insertAdjacentElement( \"afterend\", visibilitySpan );        }        const visibilityTestDiv = document.getElementById( \"gform_visibility_test_5\" );        let postRenderFired = false;        function triggerPostRender() {            if ( postRenderFired ) {                return;            }            postRenderFired = true;            gform.core.triggerPostRenderEvents( 5, current_page );            if ( visibilityTestDiv ) {                visibilityTestDiv.parentNode.removeChild( visibilityTestDiv );            }        }        function debounce( func, wait, immediate ) {            var timeout;            return function() {                var context = this, args = arguments;                var later = function() {                    timeout = null;                    if ( !immediate ) func.apply( context, args );                };                var callNow = immediate && !timeout;                clearTimeout( timeout );                timeout = setTimeout( later, wait );                if ( callNow ) func.apply( context, args );            };        }        const debouncedTriggerPostRender = debounce( function() {            triggerPostRender();        }, 200 );        if ( visibilityTestDiv && visibilityTestDiv.offsetParent === null ) {            const observer = new MutationObserver( ( mutations ) => {                mutations.forEach( ( mutation ) => {                    if ( mutation.type === 'attributes' && visibilityTestDiv.offsetParent !== null ) {                        debouncedTriggerPostRender();                        observer.disconnect();                    }                });            });            observer.observe( document.body, {                attributes: true,                childList: false,                subtree: true,                attributeFilter: [ 'style', 'class' ],            });        } else {            triggerPostRender();        }    } );} ); \n\/* ]]> *\/\n<\/script>\n\n","protected":false},"excerpt":{"rendered":"<p>Nos coordonn\u00e9es T\u00e9l\u00e9phone &amp; Whatsapp : +1 (305) 457-0208 Contactez un pro aux USA Vous avez besoin d\u2019un professionnel fran\u00e7ais aux Etats-Unis ? Un comptable, wedding planner, un avocat, une assurance sant\u00e9, un restaurant, un plombier, un agent immobilier, un CPA&#8230; Notre r\u00e9seau est compos\u00e9 de centaines de professionnels qui partagent l\u2019esprit French District. Contactez [&hellip;]<\/p>\n","protected":false},"author":1,"featured_media":0,"parent":0,"menu_order":0,"comment_status":"closed","ping_status":"closed","template":"","meta":{"_acf_changed":false,"footnotes":""},"class_list":["post-2508","page","type-page","status-publish","hentry"],"acf":[],"yoast_head":"<!-- This site is optimized with the Yoast SEO plugin v26.4 - https:\/\/yoast.com\/wordpress\/plugins\/seo\/ -->\n<title>Contactez le French District - Australie<\/title>\n<meta name=\"robots\" content=\"index, follow, max-snippet:-1, max-image-preview:large, max-video-preview:-1\" \/>\n<link rel=\"canonical\" href=\"https:\/\/frenchdistrict.com\/australie\/contactez-french-district\/\" \/>\n<meta property=\"og:locale\" content=\"fr_FR\" \/>\n<meta property=\"og:type\" content=\"article\" \/>\n<meta property=\"og:title\" content=\"Contactez le French District - Australie\" \/>\n<meta property=\"og:description\" content=\"Nos coordonn\u00e9es T\u00e9l\u00e9phone &amp; Whatsapp : +1 (305) 457-0208 Contactez un pro aux USA Vous avez besoin d\u2019un professionnel fran\u00e7ais aux Etats-Unis ? Un comptable, wedding planner, un avocat, une assurance sant\u00e9, un restaurant, un plombier, un agent immobilier, un CPA&#8230; Notre r\u00e9seau est compos\u00e9 de centaines de professionnels qui partagent l\u2019esprit French District. Contactez [&hellip;]\" \/>\n<meta property=\"og:url\" content=\"https:\/\/frenchdistrict.com\/australie\/contactez-french-district\/\" \/>\n<meta property=\"og:site_name\" content=\"Australie\" \/>\n<meta property=\"article:publisher\" content=\"https:\/\/www.facebook.com\/frenchdistrict\" \/>\n<meta property=\"article:modified_time\" content=\"2021-08-17T08:51:29+00:00\" \/>\n<meta name=\"twitter:card\" content=\"summary_large_image\" \/>\n<meta name=\"twitter:site\" content=\"@frenchdistrict\" \/>\n<meta name=\"twitter:label1\" content=\"Dur\u00e9e de lecture estim\u00e9e\" \/>\n\t<meta name=\"twitter:data1\" content=\"1 minute\" \/>\n<script type=\"application\/ld+json\" class=\"yoast-schema-graph\">{\"@context\":\"https:\/\/schema.org\",\"@graph\":[{\"@type\":\"WebPage\",\"@id\":\"https:\/\/frenchdistrict.com\/australie\/contactez-french-district\/\",\"url\":\"https:\/\/frenchdistrict.com\/australie\/contactez-french-district\/\",\"name\":\"Contactez le French District - Australie\",\"isPartOf\":{\"@id\":\"https:\/\/frenchdistrict.com\/australie\/#website\"},\"datePublished\":\"2017-12-30T14:38:48+00:00\",\"dateModified\":\"2021-08-17T08:51:29+00:00\",\"breadcrumb\":{\"@id\":\"https:\/\/frenchdistrict.com\/australie\/contactez-french-district\/#breadcrumb\"},\"inLanguage\":\"fr-FR\",\"potentialAction\":[{\"@type\":\"ReadAction\",\"target\":[\"https:\/\/frenchdistrict.com\/australie\/contactez-french-district\/\"]}]},{\"@type\":\"BreadcrumbList\",\"@id\":\"https:\/\/frenchdistrict.com\/australie\/contactez-french-district\/#breadcrumb\",\"itemListElement\":[{\"@type\":\"ListItem\",\"position\":1,\"name\":\"Australie\",\"item\":\"https:\/\/frenchdistrict.com\/australie\/\"},{\"@type\":\"ListItem\",\"position\":2,\"name\":\"Contactez le French District\"}]},{\"@type\":\"WebSite\",\"@id\":\"https:\/\/frenchdistrict.com\/australie\/#website\",\"url\":\"https:\/\/frenchdistrict.com\/australie\/\",\"name\":\"Australie\",\"description\":\"Le meilleur de l&#039; &lt;span&gt;Australie&lt;\/span&gt; par ceux qui y vivent\",\"publisher\":{\"@id\":\"https:\/\/frenchdistrict.com\/australie\/#organization\"},\"potentialAction\":[{\"@type\":\"SearchAction\",\"target\":{\"@type\":\"EntryPoint\",\"urlTemplate\":\"https:\/\/frenchdistrict.com\/australie\/?s={search_term_string}\"},\"query-input\":{\"@type\":\"PropertyValueSpecification\",\"valueRequired\":true,\"valueName\":\"search_term_string\"}}],\"inLanguage\":\"fr-FR\"},{\"@type\":\"Organization\",\"@id\":\"https:\/\/frenchdistrict.com\/australie\/#organization\",\"name\":\"French District\",\"url\":\"https:\/\/frenchdistrict.com\/australie\/\",\"logo\":{\"@type\":\"ImageObject\",\"inLanguage\":\"fr-FR\",\"@id\":\"https:\/\/frenchdistrict.com\/australie\/#\/schema\/logo\/image\/\",\"url\":\"https:\/\/frenchdistrict.com\/australie\/wp-content\/uploads\/sites\/14\/2018\/01\/french-district-logo.png\",\"contentUrl\":\"https:\/\/frenchdistrict.com\/australie\/wp-content\/uploads\/sites\/14\/2018\/01\/french-district-logo.png\",\"width\":1600,\"height\":800,\"caption\":\"French District\"},\"image\":{\"@id\":\"https:\/\/frenchdistrict.com\/australie\/#\/schema\/logo\/image\/\"},\"sameAs\":[\"https:\/\/www.facebook.com\/frenchdistrict\",\"https:\/\/x.com\/frenchdistrict\",\"https:\/\/www.instagram.com\/frenchdistrict\/\",\"https:\/\/www.linkedin.com\/company\/french-district\/\",\"https:\/\/www.pinterest.com\/frenchdistrict\/\",\"https:\/\/www.youtube.com\/user\/TheFrenchDistrict\"]}]}<\/script>\n<!-- \/ Yoast SEO plugin. -->","yoast_head_json":{"title":"Contactez le French District - Australie","robots":{"index":"index","follow":"follow","max-snippet":"max-snippet:-1","max-image-preview":"max-image-preview:large","max-video-preview":"max-video-preview:-1"},"canonical":"https:\/\/frenchdistrict.com\/australie\/contactez-french-district\/","og_locale":"fr_FR","og_type":"article","og_title":"Contactez le French District - Australie","og_description":"Nos coordonn\u00e9es T\u00e9l\u00e9phone &amp; Whatsapp : +1 (305) 457-0208 Contactez un pro aux USA Vous avez besoin d\u2019un professionnel fran\u00e7ais aux Etats-Unis ? Un comptable, wedding planner, un avocat, une assurance sant\u00e9, un restaurant, un plombier, un agent immobilier, un CPA&#8230; Notre r\u00e9seau est compos\u00e9 de centaines de professionnels qui partagent l\u2019esprit French District. Contactez [&hellip;]","og_url":"https:\/\/frenchdistrict.com\/australie\/contactez-french-district\/","og_site_name":"Australie","article_publisher":"https:\/\/www.facebook.com\/frenchdistrict","article_modified_time":"2021-08-17T08:51:29+00:00","twitter_card":"summary_large_image","twitter_site":"@frenchdistrict","twitter_misc":{"Dur\u00e9e de lecture estim\u00e9e":"1 minute"},"schema":{"@context":"https:\/\/schema.org","@graph":[{"@type":"WebPage","@id":"https:\/\/frenchdistrict.com\/australie\/contactez-french-district\/","url":"https:\/\/frenchdistrict.com\/australie\/contactez-french-district\/","name":"Contactez le French District - Australie","isPartOf":{"@id":"https:\/\/frenchdistrict.com\/australie\/#website"},"datePublished":"2017-12-30T14:38:48+00:00","dateModified":"2021-08-17T08:51:29+00:00","breadcrumb":{"@id":"https:\/\/frenchdistrict.com\/australie\/contactez-french-district\/#breadcrumb"},"inLanguage":"fr-FR","potentialAction":[{"@type":"ReadAction","target":["https:\/\/frenchdistrict.com\/australie\/contactez-french-district\/"]}]},{"@type":"BreadcrumbList","@id":"https:\/\/frenchdistrict.com\/australie\/contactez-french-district\/#breadcrumb","itemListElement":[{"@type":"ListItem","position":1,"name":"Australie","item":"https:\/\/frenchdistrict.com\/australie\/"},{"@type":"ListItem","position":2,"name":"Contactez le French District"}]},{"@type":"WebSite","@id":"https:\/\/frenchdistrict.com\/australie\/#website","url":"https:\/\/frenchdistrict.com\/australie\/","name":"Australie","description":"Le meilleur de l&#039; &lt;span&gt;Australie&lt;\/span&gt; par ceux qui y vivent","publisher":{"@id":"https:\/\/frenchdistrict.com\/australie\/#organization"},"potentialAction":[{"@type":"SearchAction","target":{"@type":"EntryPoint","urlTemplate":"https:\/\/frenchdistrict.com\/australie\/?s={search_term_string}"},"query-input":{"@type":"PropertyValueSpecification","valueRequired":true,"valueName":"search_term_string"}}],"inLanguage":"fr-FR"},{"@type":"Organization","@id":"https:\/\/frenchdistrict.com\/australie\/#organization","name":"French District","url":"https:\/\/frenchdistrict.com\/australie\/","logo":{"@type":"ImageObject","inLanguage":"fr-FR","@id":"https:\/\/frenchdistrict.com\/australie\/#\/schema\/logo\/image\/","url":"https:\/\/frenchdistrict.com\/australie\/wp-content\/uploads\/sites\/14\/2018\/01\/french-district-logo.png","contentUrl":"https:\/\/frenchdistrict.com\/australie\/wp-content\/uploads\/sites\/14\/2018\/01\/french-district-logo.png","width":1600,"height":800,"caption":"French District"},"image":{"@id":"https:\/\/frenchdistrict.com\/australie\/#\/schema\/logo\/image\/"},"sameAs":["https:\/\/www.facebook.com\/frenchdistrict","https:\/\/x.com\/frenchdistrict","https:\/\/www.instagram.com\/frenchdistrict\/","https:\/\/www.linkedin.com\/company\/french-district\/","https:\/\/www.pinterest.com\/frenchdistrict\/","https:\/\/www.youtube.com\/user\/TheFrenchDistrict"]}]}},"_links":{"self":[{"href":"https:\/\/frenchdistrict.com\/australie\/wp-json\/wp\/v2\/pages\/2508","targetHints":{"allow":["GET"]}}],"collection":[{"href":"https:\/\/frenchdistrict.com\/australie\/wp-json\/wp\/v2\/pages"}],"about":[{"href":"https:\/\/frenchdistrict.com\/australie\/wp-json\/wp\/v2\/types\/page"}],"author":[{"embeddable":true,"href":"https:\/\/frenchdistrict.com\/australie\/wp-json\/wp\/v2\/users\/1"}],"replies":[{"embeddable":true,"href":"https:\/\/frenchdistrict.com\/australie\/wp-json\/wp\/v2\/comments?post=2508"}],"version-history":[{"count":19,"href":"https:\/\/frenchdistrict.com\/australie\/wp-json\/wp\/v2\/pages\/2508\/revisions"}],"predecessor-version":[{"id":20812,"href":"https:\/\/frenchdistrict.com\/australie\/wp-json\/wp\/v2\/pages\/2508\/revisions\/20812"}],"wp:attachment":[{"href":"https:\/\/frenchdistrict.com\/australie\/wp-json\/wp\/v2\/media?parent=2508"}],"curies":[{"name":"wp","href":"https:\/\/api.w.org\/{rel}","templated":true}]}}