{"id":75251,"date":"2019-12-27T09:07:19","date_gmt":"2019-12-27T17:07:19","guid":{"rendered":"https:\/\/frenchdistrict.com\/californie-sud\/?page_id=75251"},"modified":"2025-01-05T08:17:00","modified_gmt":"2025-01-05T16:17:00","slug":"accueil-californie-sud","status":"publish","type":"page","link":"https:\/\/frenchdistrict.com\/californie-sud\/","title":{"rendered":"Accueil Californie Sud"},"content":{"rendered":"","protected":false},"excerpt":{"rendered":"","protected":false},"author":10453,"featured_media":0,"parent":0,"menu_order":0,"comment_status":"closed","ping_status":"closed","template":"template-modules.php","meta":{"_acf_changed":false,"footnotes":""},"class_list":["post-75251","page","type-page","status-publish","hentry"],"acf":[],"yoast_head":"<!-- This site is optimized with the Yoast SEO plugin v26.4 - https:\/\/yoast.com\/wordpress\/plugins\/seo\/ -->\n<title>French District | Vivre et voyager en Californie du Sud en fran\u00e7ais<\/title>\n<meta name=\"description\" content=\"Le 1er site en fran\u00e7ais en Californie du Sud. Recommand\u00e9 par la presse fran\u00e7aise et internationale. Vie locale, tourisme, bonnes adresses, expatriation.\" \/>\n<meta name=\"robots\" content=\"index, follow, max-snippet:-1, max-image-preview:large, max-video-preview:-1\" \/>\n<link rel=\"canonical\" href=\"https:\/\/frenchdistrict.com\/californie-sud\/\" \/>\n<meta property=\"og:locale\" content=\"fr_FR\" \/>\n<meta property=\"og:type\" content=\"article\" \/>\n<meta property=\"og:title\" content=\"French District | Vivre et voyager en Californie du Sud en fran\u00e7ais\" \/>\n<meta property=\"og:description\" content=\"Le 1er site en fran\u00e7ais en Californie du Sud. Recommand\u00e9 par la presse fran\u00e7aise et internationale. Vie locale, tourisme, bonnes adresses, expatriation.\" \/>\n<meta property=\"og:url\" content=\"https:\/\/frenchdistrict.com\/californie-sud\/\" \/>\n<meta property=\"og:site_name\" content=\"Californie Sud\" \/>\n<meta property=\"article:publisher\" content=\"https:\/\/www.facebook.com\/frenchdistrict\" \/>\n<meta property=\"article:modified_time\" content=\"2025-01-05T16:17:00+00:00\" \/>\n<meta name=\"twitter:card\" content=\"summary_large_image\" \/>\n<meta name=\"twitter:site\" content=\"@frenchdistrict\" \/>\n<script type=\"application\/ld+json\" class=\"yoast-schema-graph\">{\"@context\":\"https:\/\/schema.org\",\"@graph\":[{\"@type\":\"WebPage\",\"@id\":\"https:\/\/frenchdistrict.com\/californie-sud\/\",\"url\":\"https:\/\/frenchdistrict.com\/californie-sud\/\",\"name\":\"French District | Vivre et voyager en Californie du Sud en fran\u00e7ais\",\"isPartOf\":{\"@id\":\"https:\/\/frenchdistrict.com\/californie-sud\/#website\"},\"datePublished\":\"2019-12-27T17:07:19+00:00\",\"dateModified\":\"2025-01-05T16:17:00+00:00\",\"description\":\"Le 1er site en fran\u00e7ais en Californie du Sud. Recommand\u00e9 par la presse fran\u00e7aise et internationale. Vie locale, tourisme, bonnes adresses, expatriation.\",\"breadcrumb\":{\"@id\":\"https:\/\/frenchdistrict.com\/californie-sud\/#breadcrumb\"},\"inLanguage\":\"fr-FR\",\"potentialAction\":[{\"@type\":\"ReadAction\",\"target\":[\"https:\/\/frenchdistrict.com\/californie-sud\/\"]}]},{\"@type\":\"BreadcrumbList\",\"@id\":\"https:\/\/frenchdistrict.com\/californie-sud\/#breadcrumb\",\"itemListElement\":[{\"@type\":\"ListItem\",\"position\":1,\"name\":\"Californie Sud\",\"item\":\"https:\/\/frenchdistrict.com\/californie-sud\/\"},{\"@type\":\"ListItem\",\"position\":2,\"name\":\"Accueil Californie Sud\"}]},{\"@type\":\"WebSite\",\"@id\":\"https:\/\/frenchdistrict.com\/californie-sud\/#website\",\"url\":\"https:\/\/frenchdistrict.com\/californie-sud\/\",\"name\":\"Californie Sud\",\"description\":\"Le meilleur de la &lt;span&gt;Californie du Sud&lt;\/span&gt; par ceux qui y vivent\",\"potentialAction\":[{\"@type\":\"SearchAction\",\"target\":{\"@type\":\"EntryPoint\",\"urlTemplate\":\"https:\/\/frenchdistrict.com\/californie-sud\/?s={search_term_string}\"},\"query-input\":{\"@type\":\"PropertyValueSpecification\",\"valueRequired\":true,\"valueName\":\"search_term_string\"}}],\"inLanguage\":\"fr-FR\"}]}<\/script>\n<!-- \/ Yoast SEO plugin. -->","yoast_head_json":{"title":"French District | Vivre et voyager en Californie du Sud en fran\u00e7ais","description":"Le 1er site en fran\u00e7ais en Californie du Sud. Recommand\u00e9 par la presse fran\u00e7aise et internationale. Vie locale, tourisme, bonnes adresses, expatriation.","robots":{"index":"index","follow":"follow","max-snippet":"max-snippet:-1","max-image-preview":"max-image-preview:large","max-video-preview":"max-video-preview:-1"},"canonical":"https:\/\/frenchdistrict.com\/californie-sud\/","og_locale":"fr_FR","og_type":"article","og_title":"French District | Vivre et voyager en Californie du Sud en fran\u00e7ais","og_description":"Le 1er site en fran\u00e7ais en Californie du Sud. Recommand\u00e9 par la presse fran\u00e7aise et internationale. Vie locale, tourisme, bonnes adresses, expatriation.","og_url":"https:\/\/frenchdistrict.com\/californie-sud\/","og_site_name":"Californie Sud","article_publisher":"https:\/\/www.facebook.com\/frenchdistrict","article_modified_time":"2025-01-05T16:17:00+00:00","twitter_card":"summary_large_image","twitter_site":"@frenchdistrict","schema":{"@context":"https:\/\/schema.org","@graph":[{"@type":"WebPage","@id":"https:\/\/frenchdistrict.com\/californie-sud\/","url":"https:\/\/frenchdistrict.com\/californie-sud\/","name":"French District | Vivre et voyager en Californie du Sud en fran\u00e7ais","isPartOf":{"@id":"https:\/\/frenchdistrict.com\/californie-sud\/#website"},"datePublished":"2019-12-27T17:07:19+00:00","dateModified":"2025-01-05T16:17:00+00:00","description":"Le 1er site en fran\u00e7ais en Californie du Sud. Recommand\u00e9 par la presse fran\u00e7aise et internationale. Vie locale, tourisme, bonnes adresses, expatriation.","breadcrumb":{"@id":"https:\/\/frenchdistrict.com\/californie-sud\/#breadcrumb"},"inLanguage":"fr-FR","potentialAction":[{"@type":"ReadAction","target":["https:\/\/frenchdistrict.com\/californie-sud\/"]}]},{"@type":"BreadcrumbList","@id":"https:\/\/frenchdistrict.com\/californie-sud\/#breadcrumb","itemListElement":[{"@type":"ListItem","position":1,"name":"Californie Sud","item":"https:\/\/frenchdistrict.com\/californie-sud\/"},{"@type":"ListItem","position":2,"name":"Accueil Californie Sud"}]},{"@type":"WebSite","@id":"https:\/\/frenchdistrict.com\/californie-sud\/#website","url":"https:\/\/frenchdistrict.com\/californie-sud\/","name":"Californie Sud","description":"Le meilleur de la &lt;span&gt;Californie du Sud&lt;\/span&gt; par ceux qui y vivent","potentialAction":[{"@type":"SearchAction","target":{"@type":"EntryPoint","urlTemplate":"https:\/\/frenchdistrict.com\/californie-sud\/?s={search_term_string}"},"query-input":{"@type":"PropertyValueSpecification","valueRequired":true,"valueName":"search_term_string"}}],"inLanguage":"fr-FR"}]}},"_links":{"self":[{"href":"https:\/\/frenchdistrict.com\/californie-sud\/wp-json\/wp\/v2\/pages\/75251","targetHints":{"allow":["GET"]}}],"collection":[{"href":"https:\/\/frenchdistrict.com\/californie-sud\/wp-json\/wp\/v2\/pages"}],"about":[{"href":"https:\/\/frenchdistrict.com\/californie-sud\/wp-json\/wp\/v2\/types\/page"}],"author":[{"embeddable":true,"href":"https:\/\/frenchdistrict.com\/californie-sud\/wp-json\/wp\/v2\/users\/10453"}],"replies":[{"embeddable":true,"href":"https:\/\/frenchdistrict.com\/californie-sud\/wp-json\/wp\/v2\/comments?post=75251"}],"version-history":[{"count":6,"href":"https:\/\/frenchdistrict.com\/californie-sud\/wp-json\/wp\/v2\/pages\/75251\/revisions"}],"predecessor-version":[{"id":123509,"href":"https:\/\/frenchdistrict.com\/californie-sud\/wp-json\/wp\/v2\/pages\/75251\/revisions\/123509"}],"wp:attachment":[{"href":"https:\/\/frenchdistrict.com\/californie-sud\/wp-json\/wp\/v2\/media?parent=75251"}],"curies":[{"name":"wp","href":"https:\/\/api.w.org\/{rel}","templated":true}]}}