{"id":51039,"date":"2019-12-27T10:09:06","date_gmt":"2019-12-27T18:09:06","guid":{"rendered":"https:\/\/frenchdistrict.com\/las-vegas\/?page_id=51039"},"modified":"2025-01-05T08:18:48","modified_gmt":"2025-01-05T16:18:48","slug":"accueil-las-vegas","status":"publish","type":"page","link":"https:\/\/frenchdistrict.com\/las-vegas\/","title":{"rendered":"Accueil Las Vegas"},"content":{"rendered":"","protected":false},"excerpt":{"rendered":"","protected":false},"author":10453,"featured_media":0,"parent":0,"menu_order":0,"comment_status":"closed","ping_status":"closed","template":"template-modules.php","meta":{"_acf_changed":false,"footnotes":""},"class_list":["post-51039","page","type-page","status-publish","hentry"],"acf":[],"yoast_head":"<!-- This site is optimized with the Yoast SEO plugin v26.4 - https:\/\/yoast.com\/wordpress\/plugins\/seo\/ -->\n<title>French District | Vivre et voyager \u00e0 Las Vegas en fran\u00e7ais<\/title>\n<meta name=\"description\" content=\"Le 1er site en fran\u00e7ais \u00e0 Las Vegas \/ Nevada. Recommand\u00e9 par la presse fran\u00e7aise et internationale. Vie locale, tourisme, bonnes adresses, expatriation.\" \/>\n<meta name=\"robots\" content=\"index, follow, max-snippet:-1, max-image-preview:large, max-video-preview:-1\" \/>\n<link rel=\"canonical\" href=\"https:\/\/frenchdistrict.com\/las-vegas\/\" \/>\n<meta property=\"og:locale\" content=\"fr_FR\" \/>\n<meta property=\"og:type\" content=\"article\" \/>\n<meta property=\"og:title\" content=\"French District | Vivre et voyager \u00e0 Las Vegas en fran\u00e7ais\" \/>\n<meta property=\"og:description\" content=\"Le 1er site en fran\u00e7ais \u00e0 Las Vegas \/ Nevada. Recommand\u00e9 par la presse fran\u00e7aise et internationale. Vie locale, tourisme, bonnes adresses, expatriation.\" \/>\n<meta property=\"og:url\" content=\"https:\/\/frenchdistrict.com\/las-vegas\/\" \/>\n<meta property=\"og:site_name\" content=\"Las Vegas Nevada Arizona\" \/>\n<meta property=\"article:publisher\" content=\"https:\/\/www.facebook.com\/frenchdistrict\" \/>\n<meta property=\"article:modified_time\" content=\"2025-01-05T16:18:48+00:00\" \/>\n<meta name=\"twitter:card\" content=\"summary_large_image\" \/>\n<meta name=\"twitter:site\" content=\"@frenchdistrict\" \/>\n<script type=\"application\/ld+json\" class=\"yoast-schema-graph\">{\"@context\":\"https:\/\/schema.org\",\"@graph\":[{\"@type\":\"WebPage\",\"@id\":\"https:\/\/frenchdistrict.com\/las-vegas\/\",\"url\":\"https:\/\/frenchdistrict.com\/las-vegas\/\",\"name\":\"French District | Vivre et voyager \u00e0 Las Vegas en fran\u00e7ais\",\"isPartOf\":{\"@id\":\"https:\/\/frenchdistrict.com\/las-vegas\/#website\"},\"datePublished\":\"2019-12-27T18:09:06+00:00\",\"dateModified\":\"2025-01-05T16:18:48+00:00\",\"description\":\"Le 1er site en fran\u00e7ais \u00e0 Las Vegas \/ Nevada. Recommand\u00e9 par la presse fran\u00e7aise et internationale. Vie locale, tourisme, bonnes adresses, expatriation.\",\"breadcrumb\":{\"@id\":\"https:\/\/frenchdistrict.com\/las-vegas\/#breadcrumb\"},\"inLanguage\":\"fr-FR\",\"potentialAction\":[{\"@type\":\"ReadAction\",\"target\":[\"https:\/\/frenchdistrict.com\/las-vegas\/\"]}]},{\"@type\":\"BreadcrumbList\",\"@id\":\"https:\/\/frenchdistrict.com\/las-vegas\/#breadcrumb\",\"itemListElement\":[{\"@type\":\"ListItem\",\"position\":1,\"name\":\"Las Vegas\",\"item\":\"https:\/\/frenchdistrict.com\/las-vegas\/\"},{\"@type\":\"ListItem\",\"position\":2,\"name\":\"Accueil Las Vegas\"}]},{\"@type\":\"WebSite\",\"@id\":\"https:\/\/frenchdistrict.com\/las-vegas\/#website\",\"url\":\"https:\/\/frenchdistrict.com\/las-vegas\/\",\"name\":\"Las Vegas Nevada Arizona\",\"description\":\"Le meilleur du &lt;span&gt;Nevada&lt;\/span&gt; et de l&#039;&lt;span&gt;Arizona&lt;\/span&gt; par ceux qui y vivent\",\"potentialAction\":[{\"@type\":\"SearchAction\",\"target\":{\"@type\":\"EntryPoint\",\"urlTemplate\":\"https:\/\/frenchdistrict.com\/las-vegas\/?s={search_term_string}\"},\"query-input\":{\"@type\":\"PropertyValueSpecification\",\"valueRequired\":true,\"valueName\":\"search_term_string\"}}],\"inLanguage\":\"fr-FR\"}]}<\/script>\n<!-- \/ Yoast SEO plugin. -->","yoast_head_json":{"title":"French District | Vivre et voyager \u00e0 Las Vegas en fran\u00e7ais","description":"Le 1er site en fran\u00e7ais \u00e0 Las Vegas \/ Nevada. Recommand\u00e9 par la presse fran\u00e7aise et internationale. Vie locale, tourisme, bonnes adresses, expatriation.","robots":{"index":"index","follow":"follow","max-snippet":"max-snippet:-1","max-image-preview":"max-image-preview:large","max-video-preview":"max-video-preview:-1"},"canonical":"https:\/\/frenchdistrict.com\/las-vegas\/","og_locale":"fr_FR","og_type":"article","og_title":"French District | Vivre et voyager \u00e0 Las Vegas en fran\u00e7ais","og_description":"Le 1er site en fran\u00e7ais \u00e0 Las Vegas \/ Nevada. Recommand\u00e9 par la presse fran\u00e7aise et internationale. Vie locale, tourisme, bonnes adresses, expatriation.","og_url":"https:\/\/frenchdistrict.com\/las-vegas\/","og_site_name":"Las Vegas Nevada Arizona","article_publisher":"https:\/\/www.facebook.com\/frenchdistrict","article_modified_time":"2025-01-05T16:18:48+00:00","twitter_card":"summary_large_image","twitter_site":"@frenchdistrict","schema":{"@context":"https:\/\/schema.org","@graph":[{"@type":"WebPage","@id":"https:\/\/frenchdistrict.com\/las-vegas\/","url":"https:\/\/frenchdistrict.com\/las-vegas\/","name":"French District | Vivre et voyager \u00e0 Las Vegas en fran\u00e7ais","isPartOf":{"@id":"https:\/\/frenchdistrict.com\/las-vegas\/#website"},"datePublished":"2019-12-27T18:09:06+00:00","dateModified":"2025-01-05T16:18:48+00:00","description":"Le 1er site en fran\u00e7ais \u00e0 Las Vegas \/ Nevada. Recommand\u00e9 par la presse fran\u00e7aise et internationale. Vie locale, tourisme, bonnes adresses, expatriation.","breadcrumb":{"@id":"https:\/\/frenchdistrict.com\/las-vegas\/#breadcrumb"},"inLanguage":"fr-FR","potentialAction":[{"@type":"ReadAction","target":["https:\/\/frenchdistrict.com\/las-vegas\/"]}]},{"@type":"BreadcrumbList","@id":"https:\/\/frenchdistrict.com\/las-vegas\/#breadcrumb","itemListElement":[{"@type":"ListItem","position":1,"name":"Las Vegas","item":"https:\/\/frenchdistrict.com\/las-vegas\/"},{"@type":"ListItem","position":2,"name":"Accueil Las Vegas"}]},{"@type":"WebSite","@id":"https:\/\/frenchdistrict.com\/las-vegas\/#website","url":"https:\/\/frenchdistrict.com\/las-vegas\/","name":"Las Vegas Nevada Arizona","description":"Le meilleur du &lt;span&gt;Nevada&lt;\/span&gt; et de l&#039;&lt;span&gt;Arizona&lt;\/span&gt; par ceux qui y vivent","potentialAction":[{"@type":"SearchAction","target":{"@type":"EntryPoint","urlTemplate":"https:\/\/frenchdistrict.com\/las-vegas\/?s={search_term_string}"},"query-input":{"@type":"PropertyValueSpecification","valueRequired":true,"valueName":"search_term_string"}}],"inLanguage":"fr-FR"}]}},"_links":{"self":[{"href":"https:\/\/frenchdistrict.com\/las-vegas\/wp-json\/wp\/v2\/pages\/51039","targetHints":{"allow":["GET"]}}],"collection":[{"href":"https:\/\/frenchdistrict.com\/las-vegas\/wp-json\/wp\/v2\/pages"}],"about":[{"href":"https:\/\/frenchdistrict.com\/las-vegas\/wp-json\/wp\/v2\/types\/page"}],"author":[{"embeddable":true,"href":"https:\/\/frenchdistrict.com\/las-vegas\/wp-json\/wp\/v2\/users\/10453"}],"replies":[{"embeddable":true,"href":"https:\/\/frenchdistrict.com\/las-vegas\/wp-json\/wp\/v2\/comments?post=51039"}],"version-history":[{"count":2,"href":"https:\/\/frenchdistrict.com\/las-vegas\/wp-json\/wp\/v2\/pages\/51039\/revisions"}],"predecessor-version":[{"id":124629,"href":"https:\/\/frenchdistrict.com\/las-vegas\/wp-json\/wp\/v2\/pages\/51039\/revisions\/124629"}],"wp:attachment":[{"href":"https:\/\/frenchdistrict.com\/las-vegas\/wp-json\/wp\/v2\/media?parent=51039"}],"curies":[{"name":"wp","href":"https:\/\/api.w.org\/{rel}","templated":true}]}}