{"id":79907,"date":"2019-12-27T11:40:55","date_gmt":"2019-12-27T16:40:55","guid":{"rendered":"https:\/\/frenchdistrict.com\/new-york\/?page_id=79907"},"modified":"2026-02-18T13:53:28","modified_gmt":"2026-02-18T18:53:28","slug":"accueil-new-york","status":"publish","type":"page","link":"https:\/\/frenchdistrict.com\/new-york\/","title":{"rendered":"Accueil New York"},"content":{"rendered":"","protected":false},"excerpt":{"rendered":"","protected":false},"author":10453,"featured_media":0,"parent":0,"menu_order":0,"comment_status":"closed","ping_status":"closed","template":"template-modules.php","meta":{"_acf_changed":false,"footnotes":""},"class_list":["post-79907","page","type-page","status-publish","hentry"],"acf":[],"yoast_head":"<!-- This site is optimized with the Yoast SEO plugin v26.4 - https:\/\/yoast.com\/wordpress\/plugins\/seo\/ -->\n<title>French District | Vivre et voyager \u00e0 New York en fran\u00e7ais<\/title>\n<meta name=\"description\" content=\"French District est le premier site en fran\u00e7ais \u00e0 New York. Recommand\u00e9 par la presse fran\u00e7aise et internationale. Vie locale, tourisme, bonnes adresses, expatriation.\" \/>\n<meta name=\"robots\" content=\"index, follow, max-snippet:-1, max-image-preview:large, max-video-preview:-1\" \/>\n<link rel=\"canonical\" href=\"https:\/\/frenchdistrict.com\/new-york\/\" \/>\n<meta property=\"og:locale\" content=\"fr_FR\" \/>\n<meta property=\"og:type\" content=\"article\" \/>\n<meta property=\"og:title\" content=\"French District | Vivre et voyager \u00e0 New York en fran\u00e7ais\" \/>\n<meta property=\"og:description\" content=\"French District est le premier site en fran\u00e7ais \u00e0 New York. Recommand\u00e9 par la presse fran\u00e7aise et internationale. Vie locale, tourisme, bonnes adresses, expatriation.\" \/>\n<meta property=\"og:url\" content=\"https:\/\/frenchdistrict.com\/new-york\/\" \/>\n<meta property=\"og:site_name\" content=\"New York\" \/>\n<meta property=\"article:publisher\" content=\"https:\/\/www.facebook.com\/frenchdistrict\" \/>\n<meta property=\"article:modified_time\" content=\"2026-02-18T18:53:28+00:00\" \/>\n<meta name=\"twitter:card\" content=\"summary_large_image\" \/>\n<meta name=\"twitter:site\" content=\"@frenchdistrict\" \/>\n<script type=\"application\/ld+json\" class=\"yoast-schema-graph\">{\"@context\":\"https:\/\/schema.org\",\"@graph\":[{\"@type\":\"WebPage\",\"@id\":\"https:\/\/frenchdistrict.com\/new-york\/\",\"url\":\"https:\/\/frenchdistrict.com\/new-york\/\",\"name\":\"French District | Vivre et voyager \u00e0 New York en fran\u00e7ais\",\"isPartOf\":{\"@id\":\"https:\/\/frenchdistrict.com\/new-york\/#website\"},\"datePublished\":\"2019-12-27T16:40:55+00:00\",\"dateModified\":\"2026-02-18T18:53:28+00:00\",\"description\":\"French District est le premier site en fran\u00e7ais \u00e0 New York. Recommand\u00e9 par la presse fran\u00e7aise et internationale. Vie locale, tourisme, bonnes adresses, expatriation.\",\"breadcrumb\":{\"@id\":\"https:\/\/frenchdistrict.com\/new-york\/#breadcrumb\"},\"inLanguage\":\"fr-FR\",\"potentialAction\":[{\"@type\":\"ReadAction\",\"target\":[\"https:\/\/frenchdistrict.com\/new-york\/\"]}]},{\"@type\":\"BreadcrumbList\",\"@id\":\"https:\/\/frenchdistrict.com\/new-york\/#breadcrumb\",\"itemListElement\":[{\"@type\":\"ListItem\",\"position\":1,\"name\":\"New York\",\"item\":\"https:\/\/frenchdistrict.com\/new-york\/\"},{\"@type\":\"ListItem\",\"position\":2,\"name\":\"Accueil New York\"}]},{\"@type\":\"WebSite\",\"@id\":\"https:\/\/frenchdistrict.com\/new-york\/#website\",\"url\":\"https:\/\/frenchdistrict.com\/new-york\/\",\"name\":\"New York\",\"description\":\"Le meilleur de  &lt;span&gt;New York&lt;\/span&gt; par ceux qui y vivent\",\"potentialAction\":[{\"@type\":\"SearchAction\",\"target\":{\"@type\":\"EntryPoint\",\"urlTemplate\":\"https:\/\/frenchdistrict.com\/new-york\/?s={search_term_string}\"},\"query-input\":{\"@type\":\"PropertyValueSpecification\",\"valueRequired\":true,\"valueName\":\"search_term_string\"}}],\"inLanguage\":\"fr-FR\"}]}<\/script>\n<!-- \/ Yoast SEO plugin. -->","yoast_head_json":{"title":"French District | Vivre et voyager \u00e0 New York en fran\u00e7ais","description":"French District est le premier site en fran\u00e7ais \u00e0 New York. Recommand\u00e9 par la presse fran\u00e7aise et internationale. Vie locale, tourisme, bonnes adresses, expatriation.","robots":{"index":"index","follow":"follow","max-snippet":"max-snippet:-1","max-image-preview":"max-image-preview:large","max-video-preview":"max-video-preview:-1"},"canonical":"https:\/\/frenchdistrict.com\/new-york\/","og_locale":"fr_FR","og_type":"article","og_title":"French District | Vivre et voyager \u00e0 New York en fran\u00e7ais","og_description":"French District est le premier site en fran\u00e7ais \u00e0 New York. Recommand\u00e9 par la presse fran\u00e7aise et internationale. Vie locale, tourisme, bonnes adresses, expatriation.","og_url":"https:\/\/frenchdistrict.com\/new-york\/","og_site_name":"New York","article_publisher":"https:\/\/www.facebook.com\/frenchdistrict","article_modified_time":"2026-02-18T18:53:28+00:00","twitter_card":"summary_large_image","twitter_site":"@frenchdistrict","schema":{"@context":"https:\/\/schema.org","@graph":[{"@type":"WebPage","@id":"https:\/\/frenchdistrict.com\/new-york\/","url":"https:\/\/frenchdistrict.com\/new-york\/","name":"French District | Vivre et voyager \u00e0 New York en fran\u00e7ais","isPartOf":{"@id":"https:\/\/frenchdistrict.com\/new-york\/#website"},"datePublished":"2019-12-27T16:40:55+00:00","dateModified":"2026-02-18T18:53:28+00:00","description":"French District est le premier site en fran\u00e7ais \u00e0 New York. Recommand\u00e9 par la presse fran\u00e7aise et internationale. Vie locale, tourisme, bonnes adresses, expatriation.","breadcrumb":{"@id":"https:\/\/frenchdistrict.com\/new-york\/#breadcrumb"},"inLanguage":"fr-FR","potentialAction":[{"@type":"ReadAction","target":["https:\/\/frenchdistrict.com\/new-york\/"]}]},{"@type":"BreadcrumbList","@id":"https:\/\/frenchdistrict.com\/new-york\/#breadcrumb","itemListElement":[{"@type":"ListItem","position":1,"name":"New York","item":"https:\/\/frenchdistrict.com\/new-york\/"},{"@type":"ListItem","position":2,"name":"Accueil New York"}]},{"@type":"WebSite","@id":"https:\/\/frenchdistrict.com\/new-york\/#website","url":"https:\/\/frenchdistrict.com\/new-york\/","name":"New York","description":"Le meilleur de  &lt;span&gt;New York&lt;\/span&gt; par ceux qui y vivent","potentialAction":[{"@type":"SearchAction","target":{"@type":"EntryPoint","urlTemplate":"https:\/\/frenchdistrict.com\/new-york\/?s={search_term_string}"},"query-input":{"@type":"PropertyValueSpecification","valueRequired":true,"valueName":"search_term_string"}}],"inLanguage":"fr-FR"}]}},"_links":{"self":[{"href":"https:\/\/frenchdistrict.com\/new-york\/wp-json\/wp\/v2\/pages\/79907","targetHints":{"allow":["GET"]}}],"collection":[{"href":"https:\/\/frenchdistrict.com\/new-york\/wp-json\/wp\/v2\/pages"}],"about":[{"href":"https:\/\/frenchdistrict.com\/new-york\/wp-json\/wp\/v2\/types\/page"}],"author":[{"embeddable":true,"href":"https:\/\/frenchdistrict.com\/new-york\/wp-json\/wp\/v2\/users\/10453"}],"replies":[{"embeddable":true,"href":"https:\/\/frenchdistrict.com\/new-york\/wp-json\/wp\/v2\/comments?post=79907"}],"version-history":[{"count":5,"href":"https:\/\/frenchdistrict.com\/new-york\/wp-json\/wp\/v2\/pages\/79907\/revisions"}],"predecessor-version":[{"id":137694,"href":"https:\/\/frenchdistrict.com\/new-york\/wp-json\/wp\/v2\/pages\/79907\/revisions\/137694"}],"wp:attachment":[{"href":"https:\/\/frenchdistrict.com\/new-york\/wp-json\/wp\/v2\/media?parent=79907"}],"curies":[{"name":"wp","href":"https:\/\/api.w.org\/{rel}","templated":true}]}}